{"id":15267,"date":"2023-11-01T12:55:12","date_gmt":"2023-11-01T12:55:12","guid":{"rendered":"https:\/\/thallium-consulting.com\/?page_id=15267"},"modified":"2023-11-01T12:55:12","modified_gmt":"2023-11-01T12:55:12","slug":"thank-you-legal-advice-middle","status":"publish","type":"page","link":"https:\/\/thallium-consulting.com\/fr\/thank-you-legal-advice-middle\/","title":{"rendered":"Thank you Legal advice middle Fr"},"content":{"rendered":"\t\t<div data-elementor-type=\"wp-page\" data-elementor-id=\"15267\" class=\"elementor elementor-15267 elementor-15266\" data-elementor-post-type=\"page\">\n\t\t\t\t\t\t<section class=\"elementor-section elementor-top-section elementor-element elementor-element-3999433 elementor-section-boxed elementor-section-height-default elementor-section-height-default\" data-id=\"3999433\" data-element_type=\"section\">\n\t\t\t\t\t\t<div class=\"elementor-container elementor-column-gap-default\">\n\t\t\t\t\t<div class=\"elementor-column elementor-col-100 elementor-top-column elementor-element elementor-element-0138538\" data-id=\"0138538\" data-element_type=\"column\">\n\t\t\t<div class=\"elementor-widget-wrap elementor-element-populated\">\n\t\t\t\t\t\t<div class=\"elementor-element elementor-element-c3207c7 elementor-widget elementor-widget-spacer\" data-id=\"c3207c7\" data-element_type=\"widget\" data-widget_type=\"spacer.default\">\n\t\t\t\t<div class=\"elementor-widget-container\">\n\t\t\t\t\t\t\t<div class=\"elementor-spacer\">\n\t\t\t<div class=\"elementor-spacer-inner\"><\/div>\n\t\t<\/div>\n\t\t\t\t\t\t<\/div>\n\t\t\t\t<\/div>\n\t\t\t\t<div class=\"elementor-element elementor-element-d76f540 elementor-widget elementor-widget-text-editor\" data-id=\"d76f540\" data-element_type=\"widget\" data-widget_type=\"text-editor.default\">\n\t\t\t\t<div class=\"elementor-widget-container\">\n\t\t\t\t\t\t\t\t\t<center><strong>Merci d\u2019avoir enregistr\u00e9 votre int\u00e9r\u00eat !\n<\/strong>\n<br>\n<strong>Vous serez contact\u00e9 prochainement par notre \u00e9quipe.<\/strong><\/center>\t\t\t\t\t\t\t\t<\/div>\n\t\t\t\t<\/div>\n\t\t\t\t\t<\/div>\n\t\t<\/div>\n\t\t\t\t\t<\/div>\n\t\t<\/section>\n\t\t\t\t<\/div>\n\t\t","protected":false},"excerpt":{"rendered":"<p>Merci d\u2019avoir enregistr\u00e9 votre int\u00e9r\u00eat ! Vous serez contact\u00e9 prochainement par notre \u00e9quipe.<\/p>\n","protected":false},"author":28,"featured_media":0,"parent":0,"menu_order":0,"comment_status":"closed","ping_status":"closed","template":"","meta":{"content-type":"","footnotes":""},"class_list":["post-15267","page","type-page","status-publish","hentry"],"yoast_head":"<!-- This site is optimized with the Yoast SEO plugin v25.9 - https:\/\/yoast.com\/wordpress\/plugins\/seo\/ -->\n<title>Thank you Legal advice middle Fr | Thallium Consulting<\/title>\n<meta name=\"robots\" content=\"index, follow, max-snippet:-1, max-image-preview:large, max-video-preview:-1\" \/>\n<link rel=\"canonical\" href=\"https:\/\/thallium-consulting.com\/fr\/thank-you-legal-advice-middle\/\" \/>\n<meta property=\"og:locale\" content=\"fr_FR\" \/>\n<meta property=\"og:type\" content=\"article\" \/>\n<meta property=\"og:title\" content=\"Thank you Legal advice middle Fr | Thallium Consulting\" \/>\n<meta property=\"og:description\" content=\"Merci d\u2019avoir enregistr\u00e9 votre int\u00e9r\u00eat ! Vous serez contact\u00e9 prochainement par notre \u00e9quipe.\" \/>\n<meta property=\"og:url\" content=\"https:\/\/thallium-consulting.com\/fr\/thank-you-legal-advice-middle\/\" \/>\n<meta property=\"og:site_name\" content=\"Thallium Consulting\" \/>\n<meta property=\"article:publisher\" content=\"https:\/\/www.facebook.com\/thalliumconsulting\/\" \/>\n<meta property=\"og:image\" content=\"https:\/\/thallium-consulting.com\/wp-content\/uploads\/2021\/11\/Thallium-Logo-17112015-300ppi-02-e1637767859948.jpg\" \/>\n\t<meta property=\"og:image:width\" content=\"2083\" \/>\n\t<meta property=\"og:image:height\" content=\"885\" \/>\n\t<meta property=\"og:image:type\" content=\"image\/jpeg\" \/>\n<meta name=\"twitter:card\" content=\"summary_large_image\" \/>\n<meta name=\"twitter:label1\" content=\"Dur\u00e9e de lecture estim\u00e9e\" \/>\n\t<meta name=\"twitter:data1\" content=\"1 minute\" \/>\n<script type=\"application\/ld+json\" class=\"yoast-schema-graph\">{\"@context\":\"https:\/\/schema.org\",\"@graph\":[{\"@type\":\"WebPage\",\"@id\":\"https:\/\/thallium-consulting.com\/fr\/thank-you-legal-advice-middle\/\",\"url\":\"https:\/\/thallium-consulting.com\/fr\/thank-you-legal-advice-middle\/\",\"name\":\"Thank you Legal advice middle Fr | Thallium Consulting\",\"isPartOf\":{\"@id\":\"https:\/\/thallium-consulting.com\/#website\"},\"datePublished\":\"2023-11-01T12:55:12+00:00\",\"inLanguage\":\"fr-FR\",\"potentialAction\":[{\"@type\":\"ReadAction\",\"target\":[\"https:\/\/thallium-consulting.com\/fr\/thank-you-legal-advice-middle\/\"]}]},{\"@type\":\"WebSite\",\"@id\":\"https:\/\/thallium-consulting.com\/#website\",\"url\":\"https:\/\/thallium-consulting.com\/\",\"name\":\"Thallium Consulting\",\"description\":\"360\u00ba Business Services Provider\",\"publisher\":{\"@id\":\"https:\/\/thallium-consulting.com\/#organization\"},\"potentialAction\":[{\"@type\":\"SearchAction\",\"target\":{\"@type\":\"EntryPoint\",\"urlTemplate\":\"https:\/\/thallium-consulting.com\/?s={search_term_string}\"},\"query-input\":{\"@type\":\"PropertyValueSpecification\",\"valueRequired\":true,\"valueName\":\"search_term_string\"}}],\"inLanguage\":\"fr-FR\"},{\"@type\":\"Organization\",\"@id\":\"https:\/\/thallium-consulting.com\/#organization\",\"name\":\"Thallium Consulting\",\"url\":\"https:\/\/thallium-consulting.com\/\",\"logo\":{\"@type\":\"ImageObject\",\"inLanguage\":\"fr-FR\",\"@id\":\"https:\/\/thallium-consulting.com\/#\/schema\/logo\/image\/\",\"url\":\"https:\/\/thallium-consulting.com\/wp-content\/uploads\/2021\/11\/2-Thallium-Consulting-Logo-Business-Setup.jpg\",\"contentUrl\":\"https:\/\/thallium-consulting.com\/wp-content\/uploads\/2021\/11\/2-Thallium-Consulting-Logo-Business-Setup.jpg\",\"width\":2083,\"height\":1295,\"caption\":\"Thallium Consulting\"},\"image\":{\"@id\":\"https:\/\/thallium-consulting.com\/#\/schema\/logo\/image\/\"},\"sameAs\":[\"https:\/\/www.facebook.com\/thalliumconsulting\/\"]}]}<\/script>\n<!-- \/ Yoast SEO plugin. -->","yoast_head_json":{"title":"Thank you Legal advice middle Fr | Thallium Consulting","robots":{"index":"index","follow":"follow","max-snippet":"max-snippet:-1","max-image-preview":"max-image-preview:large","max-video-preview":"max-video-preview:-1"},"canonical":"https:\/\/thallium-consulting.com\/fr\/thank-you-legal-advice-middle\/","og_locale":"fr_FR","og_type":"article","og_title":"Thank you Legal advice middle Fr | Thallium Consulting","og_description":"Merci d\u2019avoir enregistr\u00e9 votre int\u00e9r\u00eat ! Vous serez contact\u00e9 prochainement par notre \u00e9quipe.","og_url":"https:\/\/thallium-consulting.com\/fr\/thank-you-legal-advice-middle\/","og_site_name":"Thallium Consulting","article_publisher":"https:\/\/www.facebook.com\/thalliumconsulting\/","og_image":[{"width":2083,"height":885,"url":"https:\/\/thallium-consulting.com\/wp-content\/uploads\/2021\/11\/Thallium-Logo-17112015-300ppi-02-e1637767859948.jpg","type":"image\/jpeg"}],"twitter_card":"summary_large_image","twitter_misc":{"Dur\u00e9e de lecture estim\u00e9e":"1 minute"},"schema":{"@context":"https:\/\/schema.org","@graph":[{"@type":"WebPage","@id":"https:\/\/thallium-consulting.com\/fr\/thank-you-legal-advice-middle\/","url":"https:\/\/thallium-consulting.com\/fr\/thank-you-legal-advice-middle\/","name":"Thank you Legal advice middle Fr | Thallium Consulting","isPartOf":{"@id":"https:\/\/thallium-consulting.com\/#website"},"datePublished":"2023-11-01T12:55:12+00:00","inLanguage":"fr-FR","potentialAction":[{"@type":"ReadAction","target":["https:\/\/thallium-consulting.com\/fr\/thank-you-legal-advice-middle\/"]}]},{"@type":"WebSite","@id":"https:\/\/thallium-consulting.com\/#website","url":"https:\/\/thallium-consulting.com\/","name":"Thallium Consulting","description":"360\u00ba Business Services Provider","publisher":{"@id":"https:\/\/thallium-consulting.com\/#organization"},"potentialAction":[{"@type":"SearchAction","target":{"@type":"EntryPoint","urlTemplate":"https:\/\/thallium-consulting.com\/?s={search_term_string}"},"query-input":{"@type":"PropertyValueSpecification","valueRequired":true,"valueName":"search_term_string"}}],"inLanguage":"fr-FR"},{"@type":"Organization","@id":"https:\/\/thallium-consulting.com\/#organization","name":"Thallium Consulting","url":"https:\/\/thallium-consulting.com\/","logo":{"@type":"ImageObject","inLanguage":"fr-FR","@id":"https:\/\/thallium-consulting.com\/#\/schema\/logo\/image\/","url":"https:\/\/thallium-consulting.com\/wp-content\/uploads\/2021\/11\/2-Thallium-Consulting-Logo-Business-Setup.jpg","contentUrl":"https:\/\/thallium-consulting.com\/wp-content\/uploads\/2021\/11\/2-Thallium-Consulting-Logo-Business-Setup.jpg","width":2083,"height":1295,"caption":"Thallium Consulting"},"image":{"@id":"https:\/\/thallium-consulting.com\/#\/schema\/logo\/image\/"},"sameAs":["https:\/\/www.facebook.com\/thalliumconsulting\/"]}]}},"_links":{"self":[{"href":"https:\/\/thallium-consulting.com\/fr\/wp-json\/wp\/v2\/pages\/15267","targetHints":{"allow":["GET"]}}],"collection":[{"href":"https:\/\/thallium-consulting.com\/fr\/wp-json\/wp\/v2\/pages"}],"about":[{"href":"https:\/\/thallium-consulting.com\/fr\/wp-json\/wp\/v2\/types\/page"}],"author":[{"embeddable":true,"href":"https:\/\/thallium-consulting.com\/fr\/wp-json\/wp\/v2\/users\/28"}],"replies":[{"embeddable":true,"href":"https:\/\/thallium-consulting.com\/fr\/wp-json\/wp\/v2\/comments?post=15267"}],"version-history":[{"count":1,"href":"https:\/\/thallium-consulting.com\/fr\/wp-json\/wp\/v2\/pages\/15267\/revisions"}],"predecessor-version":[{"id":15273,"href":"https:\/\/thallium-consulting.com\/fr\/wp-json\/wp\/v2\/pages\/15267\/revisions\/15273"}],"wp:attachment":[{"href":"https:\/\/thallium-consulting.com\/fr\/wp-json\/wp\/v2\/media?parent=15267"}],"curies":[{"name":"wp","href":"https:\/\/api.w.org\/{rel}","templated":true}]}}