{"id":14519,"date":"2023-09-27T12:43:27","date_gmt":"2023-09-27T12:43:27","guid":{"rendered":"https:\/\/thallium-consulting.com\/?page_id=14519"},"modified":"2023-09-27T13:13:49","modified_gmt":"2023-09-27T13:13:49","slug":"privacy-policy","status":"publish","type":"page","link":"https:\/\/thallium-consulting.com\/fr\/privacy-policy\/","title":{"rendered":"Politique De Confidentialit\u00e9"},"content":{"rendered":"\t\t<div data-elementor-type=\"wp-page\" data-elementor-id=\"14519\" class=\"elementor elementor-14519 elementor-14497\" data-elementor-post-type=\"page\">\n\t\t\t\t\t\t<section class=\"elementor-section elementor-top-section elementor-element elementor-element-71f20fb elementor-section-boxed elementor-section-height-default elementor-section-height-default\" data-id=\"71f20fb\" data-element_type=\"section\" data-settings=\"{&quot;background_background&quot;:&quot;classic&quot;}\">\n\t\t\t\t\t\t<div class=\"elementor-container elementor-column-gap-default\">\n\t\t\t\t\t<div class=\"elementor-column elementor-col-100 elementor-top-column elementor-element elementor-element-59b338e\" data-id=\"59b338e\" data-element_type=\"column\">\n\t\t\t<div class=\"elementor-widget-wrap elementor-element-populated\">\n\t\t\t\t\t\t<div class=\"elementor-element elementor-element-5a2fb2e elementor-widget elementor-widget-heading\" data-id=\"5a2fb2e\" data-element_type=\"widget\" data-widget_type=\"heading.default\">\n\t\t\t\t<div class=\"elementor-widget-container\">\n\t\t\t\t\t<h1 class=\"elementor-heading-title elementor-size-default\">politique de confidentialit\u00e9\n<\/h1>\t\t\t\t<\/div>\n\t\t\t\t<\/div>\n\t\t\t\t\t<\/div>\n\t\t<\/div>\n\t\t\t\t\t<\/div>\n\t\t<\/section>\n\t\t\t\t<section class=\"elementor-section elementor-top-section elementor-element elementor-element-4c62539 elementor-section-boxed elementor-section-height-default elementor-section-height-default\" data-id=\"4c62539\" data-element_type=\"section\">\n\t\t\t\t\t\t<div class=\"elementor-container elementor-column-gap-default\">\n\t\t\t\t\t<div class=\"elementor-column elementor-col-100 elementor-top-column elementor-element elementor-element-548e3b6\" data-id=\"548e3b6\" data-element_type=\"column\">\n\t\t\t<div class=\"elementor-widget-wrap elementor-element-populated\">\n\t\t\t\t\t\t<div class=\"elementor-element elementor-element-5d861e1 elementor-widget__width-initial elementor-widget elementor-widget-text-editor\" data-id=\"5d861e1\" data-element_type=\"widget\" data-widget_type=\"text-editor.default\">\n\t\t\t\t<div class=\"elementor-widget-container\">\n\t\t\t\t\t\t\t\t\t<ul>\n \t<li><span style=\"font-weight: 400;\">\u00a0\u00bb Tous les d\u00e9tails des cartes de cr\u00e9dit \/ d\u00e9bit et les informations personnellement identifiables ne seront PAS stock\u00e9s, vendus, partag\u00e9s, lou\u00e9s ou lou\u00e9s \u00e0 des tiers \u00a0\u00bb<\/span><\/li>\n \t<li><span style=\"font-weight: 400;\">\u2018\u2019 Thallium Consulting DMCC ne transmettra aucun d\u00e9tail de carte de d\u00e9bit\/cr\u00e9dit \u00e0 des tiers\u2019\u2019<\/span><\/li>\n \t<li><span style=\"font-weight: 400;\">\u2018\u2019 Thallium Consulting DMCC prend les mesures appropri\u00e9es pour assurer la confidentialit\u00e9 et la s\u00e9curit\u00e9 des donn\u00e9es, notamment gr\u00e2ce \u00e0 diverses m\u00e9thodologies mat\u00e9rielles et logicielles. Cependant, (https:\/\/thallium-consulting.com\/) ne peut garantir la s\u00e9curit\u00e9 des informations divulgu\u00e9es en ligne\u2019\u2019<\/span><\/li>\n \t<li>\u2018\u2019 <strong>Thallium Consulting DMCC<\/strong> n&rsquo;est pas responsable des politiques de confidentialit\u00e9 des sites Web auxquels il renvoie. Si vous fournissez des informations \u00e0 ces tiers, des r\u00e8gles diff\u00e9rentes concernant la collecte et l&rsquo;utilisation de vos informations personnelles peuvent s&rsquo;appliquer. Vous devez contacter ces entit\u00e9s directement si vous avez des questions sur leur utilisation des informations qu&rsquo;elles collectent. \u00bb<\/li>\n \t<li><span style=\"font-weight: 400;\">\u00ab Les politiques et les conditions d&rsquo;utilisation du site Web peuvent \u00eatre modifi\u00e9es ou mises \u00e0 jour occasionnellement pour r\u00e9pondre aux exigences et aux normes. Par cons\u00e9quent, les Clients sont encourag\u00e9s \u00e0 visiter fr\u00e9quemment ces sections pour \u00eatre inform\u00e9s des changements sur le site Web. <\/span><\/li>\n \t<li><span style=\"font-weight: 400;\">Les modifications seront effectives le jour de leur publication \u00bb<\/span><span style=\"font-weight: 400;\">CONFIRMATION DE PAIEMENT &#8211; Une fois le paiement effectu\u00e9, l&rsquo;avis de confirmation sera envoy\u00e9 au client par e-mail dans les 5 jours ouvrables suivant la r\u00e9ception du paiement. Nous devons donc \u00e9galement cr\u00e9er un processus g\u00e9n\u00e9r\u00e9 par le syst\u00e8me dans lequel un e-mail est envoy\u00e9 \u00e0 l&rsquo;identifiant de l&rsquo;e-mail du client.<\/span><\/li>\n \t<li><span style=\"font-weight: 400;\"><strong>POLITIQUE DE REMBOURSEMENT<\/strong> &#8211; Les remboursements seront effectu\u00e9s selon le mode de paiement initial et seront trait\u00e9s dans un d\u00e9lai de 10 \u00e0 45 jours selon la banque \u00e9mettrice de la carte de cr\u00e9dit. Thallium Consulting DMCC se r\u00e9serve le droit de rejeter toute demande de remboursement. Les remboursements seront effectu\u00e9s uniquement via le mode de paiement d&rsquo;origine.<\/span><\/li>\n \t<li><span style=\"font-weight: 400;\">\u00a0\u00bb Les remboursements seront effectu\u00e9s uniquement via le mode de paiement d&rsquo;origine \u00a0\u00bb<\/span><\/li>\n \t<li><span style=\"font-weight: 400;\"><strong>POLITIQUE D&rsquo;ANNULATION<\/strong> (pour les produits et services) &#8211; Les demandes d&rsquo;annulation apr\u00e8s que le paiement a \u00e9t\u00e9 effectu\u00e9 ne seront pas accept\u00e9es.<\/span><\/li>\n<\/ul>\t\t\t\t\t\t\t\t<\/div>\n\t\t\t\t<\/div>\n\t\t\t\t\t<\/div>\n\t\t<\/div>\n\t\t\t\t\t<\/div>\n\t\t<\/section>\n\t\t\t\t<\/div>\n\t\t","protected":false},"excerpt":{"rendered":"<p>politique de confidentialit\u00e9 \u00a0\u00bb Tous les d\u00e9tails des cartes de cr\u00e9dit \/ d\u00e9bit et les informations personnellement identifiables ne seront PAS stock\u00e9s, vendus, partag\u00e9s, lou\u00e9s ou lou\u00e9s \u00e0 des tiers \u00a0\u00bb \u2018\u2019 Thallium Consulting DMCC ne transmettra aucun d\u00e9tail de carte de d\u00e9bit\/cr\u00e9dit \u00e0 des tiers\u2019\u2019 \u2018\u2019 Thallium Consulting DMCC prend les mesures appropri\u00e9es pour [&hellip;]<\/p>\n","protected":false},"author":28,"featured_media":0,"parent":0,"menu_order":0,"comment_status":"closed","ping_status":"closed","template":"elementor_header_footer","meta":{"content-type":"","footnotes":""},"class_list":["post-14519","page","type-page","status-publish","hentry"],"yoast_head":"<!-- This site is optimized with the Yoast SEO plugin v25.9 - https:\/\/yoast.com\/wordpress\/plugins\/seo\/ -->\n<title>Politique De Confidentialit\u00e9 | Thallium Consulting<\/title>\n<meta name=\"robots\" content=\"index, follow, max-snippet:-1, max-image-preview:large, max-video-preview:-1\" \/>\n<link rel=\"canonical\" href=\"https:\/\/thallium-consulting.com\/fr\/privacy-policy\/\" \/>\n<meta property=\"og:locale\" content=\"fr_FR\" \/>\n<meta property=\"og:type\" content=\"article\" \/>\n<meta property=\"og:title\" content=\"Politique De Confidentialit\u00e9 | Thallium Consulting\" \/>\n<meta property=\"og:description\" content=\"politique de confidentialit\u00e9 \u00a0\u00bb Tous les d\u00e9tails des cartes de cr\u00e9dit \/ d\u00e9bit et les informations personnellement identifiables ne seront PAS stock\u00e9s, vendus, partag\u00e9s, lou\u00e9s ou lou\u00e9s \u00e0 des tiers \u00a0\u00bb \u2018\u2019 Thallium Consulting DMCC ne transmettra aucun d\u00e9tail de carte de d\u00e9bit\/cr\u00e9dit \u00e0 des tiers\u2019\u2019 \u2018\u2019 Thallium Consulting DMCC prend les mesures appropri\u00e9es pour [&hellip;]\" \/>\n<meta property=\"og:url\" content=\"https:\/\/thallium-consulting.com\/fr\/privacy-policy\/\" \/>\n<meta property=\"og:site_name\" content=\"Thallium Consulting\" \/>\n<meta property=\"article:publisher\" content=\"https:\/\/www.facebook.com\/thalliumconsulting\/\" \/>\n<meta property=\"article:modified_time\" content=\"2023-09-27T13:13:49+00:00\" \/>\n<meta property=\"og:image\" content=\"https:\/\/thallium-consulting.com\/wp-content\/uploads\/2021\/11\/Thallium-Logo-17112015-300ppi-02-e1637767859948.jpg\" \/>\n\t<meta property=\"og:image:width\" content=\"2083\" \/>\n\t<meta property=\"og:image:height\" content=\"885\" \/>\n\t<meta property=\"og:image:type\" content=\"image\/jpeg\" \/>\n<meta name=\"twitter:card\" content=\"summary_large_image\" \/>\n<meta name=\"twitter:label1\" content=\"Dur\u00e9e de lecture estim\u00e9e\" \/>\n\t<meta name=\"twitter:data1\" content=\"2 minutes\" \/>\n<script type=\"application\/ld+json\" class=\"yoast-schema-graph\">{\"@context\":\"https:\/\/schema.org\",\"@graph\":[{\"@type\":\"WebPage\",\"@id\":\"https:\/\/thallium-consulting.com\/fr\/privacy-policy\/\",\"url\":\"https:\/\/thallium-consulting.com\/fr\/privacy-policy\/\",\"name\":\"Politique De Confidentialit\u00e9 | Thallium Consulting\",\"isPartOf\":{\"@id\":\"https:\/\/thallium-consulting.com\/#website\"},\"datePublished\":\"2023-09-27T12:43:27+00:00\",\"dateModified\":\"2023-09-27T13:13:49+00:00\",\"inLanguage\":\"fr-FR\",\"potentialAction\":[{\"@type\":\"ReadAction\",\"target\":[\"https:\/\/thallium-consulting.com\/fr\/privacy-policy\/\"]}]},{\"@type\":\"WebSite\",\"@id\":\"https:\/\/thallium-consulting.com\/#website\",\"url\":\"https:\/\/thallium-consulting.com\/\",\"name\":\"Thallium Consulting\",\"description\":\"360\u00ba Business Services Provider\",\"publisher\":{\"@id\":\"https:\/\/thallium-consulting.com\/#organization\"},\"potentialAction\":[{\"@type\":\"SearchAction\",\"target\":{\"@type\":\"EntryPoint\",\"urlTemplate\":\"https:\/\/thallium-consulting.com\/?s={search_term_string}\"},\"query-input\":{\"@type\":\"PropertyValueSpecification\",\"valueRequired\":true,\"valueName\":\"search_term_string\"}}],\"inLanguage\":\"fr-FR\"},{\"@type\":\"Organization\",\"@id\":\"https:\/\/thallium-consulting.com\/#organization\",\"name\":\"Thallium Consulting\",\"url\":\"https:\/\/thallium-consulting.com\/\",\"logo\":{\"@type\":\"ImageObject\",\"inLanguage\":\"fr-FR\",\"@id\":\"https:\/\/thallium-consulting.com\/#\/schema\/logo\/image\/\",\"url\":\"https:\/\/thallium-consulting.com\/wp-content\/uploads\/2021\/11\/2-Thallium-Consulting-Logo-Business-Setup.jpg\",\"contentUrl\":\"https:\/\/thallium-consulting.com\/wp-content\/uploads\/2021\/11\/2-Thallium-Consulting-Logo-Business-Setup.jpg\",\"width\":2083,\"height\":1295,\"caption\":\"Thallium Consulting\"},\"image\":{\"@id\":\"https:\/\/thallium-consulting.com\/#\/schema\/logo\/image\/\"},\"sameAs\":[\"https:\/\/www.facebook.com\/thalliumconsulting\/\"]}]}<\/script>\n<!-- \/ Yoast SEO plugin. -->","yoast_head_json":{"title":"Politique De Confidentialit\u00e9 | Thallium Consulting","robots":{"index":"index","follow":"follow","max-snippet":"max-snippet:-1","max-image-preview":"max-image-preview:large","max-video-preview":"max-video-preview:-1"},"canonical":"https:\/\/thallium-consulting.com\/fr\/privacy-policy\/","og_locale":"fr_FR","og_type":"article","og_title":"Politique De Confidentialit\u00e9 | Thallium Consulting","og_description":"politique de confidentialit\u00e9 \u00a0\u00bb Tous les d\u00e9tails des cartes de cr\u00e9dit \/ d\u00e9bit et les informations personnellement identifiables ne seront PAS stock\u00e9s, vendus, partag\u00e9s, lou\u00e9s ou lou\u00e9s \u00e0 des tiers \u00a0\u00bb \u2018\u2019 Thallium Consulting DMCC ne transmettra aucun d\u00e9tail de carte de d\u00e9bit\/cr\u00e9dit \u00e0 des tiers\u2019\u2019 \u2018\u2019 Thallium Consulting DMCC prend les mesures appropri\u00e9es pour [&hellip;]","og_url":"https:\/\/thallium-consulting.com\/fr\/privacy-policy\/","og_site_name":"Thallium Consulting","article_publisher":"https:\/\/www.facebook.com\/thalliumconsulting\/","article_modified_time":"2023-09-27T13:13:49+00:00","og_image":[{"width":2083,"height":885,"url":"https:\/\/thallium-consulting.com\/wp-content\/uploads\/2021\/11\/Thallium-Logo-17112015-300ppi-02-e1637767859948.jpg","type":"image\/jpeg"}],"twitter_card":"summary_large_image","twitter_misc":{"Dur\u00e9e de lecture estim\u00e9e":"2 minutes"},"schema":{"@context":"https:\/\/schema.org","@graph":[{"@type":"WebPage","@id":"https:\/\/thallium-consulting.com\/fr\/privacy-policy\/","url":"https:\/\/thallium-consulting.com\/fr\/privacy-policy\/","name":"Politique De Confidentialit\u00e9 | Thallium Consulting","isPartOf":{"@id":"https:\/\/thallium-consulting.com\/#website"},"datePublished":"2023-09-27T12:43:27+00:00","dateModified":"2023-09-27T13:13:49+00:00","inLanguage":"fr-FR","potentialAction":[{"@type":"ReadAction","target":["https:\/\/thallium-consulting.com\/fr\/privacy-policy\/"]}]},{"@type":"WebSite","@id":"https:\/\/thallium-consulting.com\/#website","url":"https:\/\/thallium-consulting.com\/","name":"Thallium Consulting","description":"360\u00ba Business Services Provider","publisher":{"@id":"https:\/\/thallium-consulting.com\/#organization"},"potentialAction":[{"@type":"SearchAction","target":{"@type":"EntryPoint","urlTemplate":"https:\/\/thallium-consulting.com\/?s={search_term_string}"},"query-input":{"@type":"PropertyValueSpecification","valueRequired":true,"valueName":"search_term_string"}}],"inLanguage":"fr-FR"},{"@type":"Organization","@id":"https:\/\/thallium-consulting.com\/#organization","name":"Thallium Consulting","url":"https:\/\/thallium-consulting.com\/","logo":{"@type":"ImageObject","inLanguage":"fr-FR","@id":"https:\/\/thallium-consulting.com\/#\/schema\/logo\/image\/","url":"https:\/\/thallium-consulting.com\/wp-content\/uploads\/2021\/11\/2-Thallium-Consulting-Logo-Business-Setup.jpg","contentUrl":"https:\/\/thallium-consulting.com\/wp-content\/uploads\/2021\/11\/2-Thallium-Consulting-Logo-Business-Setup.jpg","width":2083,"height":1295,"caption":"Thallium Consulting"},"image":{"@id":"https:\/\/thallium-consulting.com\/#\/schema\/logo\/image\/"},"sameAs":["https:\/\/www.facebook.com\/thalliumconsulting\/"]}]}},"_links":{"self":[{"href":"https:\/\/thallium-consulting.com\/fr\/wp-json\/wp\/v2\/pages\/14519","targetHints":{"allow":["GET"]}}],"collection":[{"href":"https:\/\/thallium-consulting.com\/fr\/wp-json\/wp\/v2\/pages"}],"about":[{"href":"https:\/\/thallium-consulting.com\/fr\/wp-json\/wp\/v2\/types\/page"}],"author":[{"embeddable":true,"href":"https:\/\/thallium-consulting.com\/fr\/wp-json\/wp\/v2\/users\/28"}],"replies":[{"embeddable":true,"href":"https:\/\/thallium-consulting.com\/fr\/wp-json\/wp\/v2\/comments?post=14519"}],"version-history":[{"count":5,"href":"https:\/\/thallium-consulting.com\/fr\/wp-json\/wp\/v2\/pages\/14519\/revisions"}],"predecessor-version":[{"id":14541,"href":"https:\/\/thallium-consulting.com\/fr\/wp-json\/wp\/v2\/pages\/14519\/revisions\/14541"}],"wp:attachment":[{"href":"https:\/\/thallium-consulting.com\/fr\/wp-json\/wp\/v2\/media?parent=14519"}],"curies":[{"name":"wp","href":"https:\/\/api.w.org\/{rel}","templated":true}]}}