{"id":11434,"date":"2023-07-20T13:12:15","date_gmt":"2023-07-20T13:12:15","guid":{"rendered":"https:\/\/staging.thallium-consulting.com\/?page_id=11434"},"modified":"2023-09-27T13:16:22","modified_gmt":"2023-09-27T13:16:22","slug":"terms-and-conditions","status":"publish","type":"page","link":"https:\/\/thallium-consulting.com\/fr\/terms-and-conditions\/","title":{"rendered":"Termes Et Conditions"},"content":{"rendered":"\t\t<div data-elementor-type=\"wp-page\" data-elementor-id=\"11434\" class=\"elementor elementor-11434 elementor-345\" data-elementor-post-type=\"page\">\n\t\t\t\t\t\t<section class=\"elementor-section elementor-top-section elementor-element elementor-element-71f20fb elementor-section-boxed elementor-section-height-default elementor-section-height-default\" data-id=\"71f20fb\" data-element_type=\"section\" data-settings=\"{&quot;background_background&quot;:&quot;classic&quot;}\">\n\t\t\t\t\t\t<div class=\"elementor-container elementor-column-gap-default\">\n\t\t\t\t\t<div class=\"elementor-column elementor-col-100 elementor-top-column elementor-element elementor-element-59b338e\" data-id=\"59b338e\" data-element_type=\"column\">\n\t\t\t<div class=\"elementor-widget-wrap elementor-element-populated\">\n\t\t\t\t\t\t<div class=\"elementor-element elementor-element-5a2fb2e elementor-widget elementor-widget-heading\" data-id=\"5a2fb2e\" data-element_type=\"widget\" data-widget_type=\"heading.default\">\n\t\t\t\t<div class=\"elementor-widget-container\">\n\t\t\t\t\t<h1 class=\"elementor-heading-title elementor-size-default\">Termes et Conditions<\/h1>\t\t\t\t<\/div>\n\t\t\t\t<\/div>\n\t\t\t\t\t<\/div>\n\t\t<\/div>\n\t\t\t\t\t<\/div>\n\t\t<\/section>\n\t\t\t\t<section class=\"elementor-section elementor-top-section elementor-element elementor-element-4c62539 elementor-section-boxed elementor-section-height-default elementor-section-height-default\" data-id=\"4c62539\" data-element_type=\"section\">\n\t\t\t\t\t\t<div class=\"elementor-container elementor-column-gap-default\">\n\t\t\t\t\t<div class=\"elementor-column elementor-col-100 elementor-top-column elementor-element elementor-element-548e3b6\" data-id=\"548e3b6\" data-element_type=\"column\">\n\t\t\t<div class=\"elementor-widget-wrap elementor-element-populated\">\n\t\t\t\t\t\t<div class=\"elementor-element elementor-element-04837bc elementor-widget__width-initial elementor-widget elementor-widget-text-editor\" data-id=\"04837bc\" data-element_type=\"widget\" data-widget_type=\"text-editor.default\">\n\t\t\t\t<div class=\"elementor-widget-container\">\n\t\t\t\t\t\t\t\t\t<ul><li><strong>\u201c<span style=\"font-weight: 400;\">Thallium Consulting DMCC \u00bb g\u00e8re le site Web <a href=\"https:\/\/thallium-consulting.com\/\">https:\/\/thallium-consulting.com\/<\/a> (\u00ab Site \u00bb)<\/span><\/strong>.<\/li><li>\u201c<span style=\"font-weight: 400;\">Les \u00c9mirats arabes unis sont notre pays de domicile \u00bb et stipulent que la loi applicable est la loi locale.<\/span><\/li><li>\u2018\u2019<span style=\"font-weight: 400;\">\u00a0Les cartes de d\u00e9bit et de cr\u00e9dit Visa ou MasterCard en AED seront accept\u00e9es pour le paiement<\/span>\u2019\u2019<\/li><li>\u2018\u2019Customer using the website who are Minor \/under the <b>age of 18<\/b> shall not register as a User of the website and shall not transact on or use the website\u2019\u2019<\/li><li>\u2018\u2019<span style=\"font-weight: 400;\">Nous ne commercerons ni ne fournirons aucun service \u00e0 l\u2019OFAC et aux pays sanctionn\u00e9s<\/span>\u2019\u2019<\/li><li>\u00ab\u00a0<span style=\"font-weight: 400;\">Les clients utilisant le site Web qui sont mineurs \/ \u00e2g\u00e9s de moins de 18 ans ne doivent pas s&rsquo;inscrire en tant qu&rsquo;utilisateur du site Web et ne doivent pas effectuer de transactions ou utiliser le site Web <\/span>\u00ab\u00a0<\/li><li><p><span style=\"font-weight: 400;\">\u00a0\u00bbLe titulaire de la carte doit conserver une copie des enregistrements de transaction et des politiques et r\u00e8gles du marchand\u00a0\u00bb<\/span><\/p><\/li><li><p><span style=\"font-weight: 400;\">\u2019L\u2019utilisateur est responsable du maintien de la confidentialit\u00e9 de son compte\u2019\u2019<\/span><\/p><\/li><\/ul>\t\t\t\t\t\t\t\t<\/div>\n\t\t\t\t<\/div>\n\t\t\t\t\t<\/div>\n\t\t<\/div>\n\t\t\t\t\t<\/div>\n\t\t<\/section>\n\t\t\t\t<\/div>\n\t\t","protected":false},"excerpt":{"rendered":"<p>Termes et Conditions \u201cThallium Consulting DMCC \u00bb g\u00e8re le site Web https:\/\/thallium-consulting.com\/ (\u00ab Site \u00bb). \u201cLes \u00c9mirats arabes unis sont notre pays de domicile \u00bb et stipulent que la loi applicable est la loi locale. \u2018\u2019\u00a0Les cartes de d\u00e9bit et de cr\u00e9dit Visa ou MasterCard en AED seront accept\u00e9es pour le paiement\u2019\u2019 \u2018\u2019Customer using the [&hellip;]<\/p>\n","protected":false},"author":28,"featured_media":0,"parent":0,"menu_order":0,"comment_status":"closed","ping_status":"closed","template":"elementor_header_footer","meta":{"content-type":"","footnotes":""},"class_list":["post-11434","page","type-page","status-publish","hentry"],"yoast_head":"<!-- This site is optimized with the Yoast SEO plugin v25.9 - https:\/\/yoast.com\/wordpress\/plugins\/seo\/ -->\n<title>Termes Et Conditions | Thallium Consulting<\/title>\n<meta name=\"robots\" content=\"index, follow, max-snippet:-1, max-image-preview:large, max-video-preview:-1\" \/>\n<link rel=\"canonical\" href=\"https:\/\/thallium-consulting.com\/fr\/terms-and-conditions\/\" \/>\n<meta property=\"og:locale\" content=\"fr_FR\" \/>\n<meta property=\"og:type\" content=\"article\" \/>\n<meta property=\"og:title\" content=\"Termes Et Conditions | Thallium Consulting\" \/>\n<meta property=\"og:description\" content=\"Termes et Conditions \u201cThallium Consulting DMCC \u00bb g\u00e8re le site Web https:\/\/thallium-consulting.com\/ (\u00ab Site \u00bb). \u201cLes \u00c9mirats arabes unis sont notre pays de domicile \u00bb et stipulent que la loi applicable est la loi locale. \u2018\u2019\u00a0Les cartes de d\u00e9bit et de cr\u00e9dit Visa ou MasterCard en AED seront accept\u00e9es pour le paiement\u2019\u2019 \u2018\u2019Customer using the [&hellip;]\" \/>\n<meta property=\"og:url\" content=\"https:\/\/thallium-consulting.com\/fr\/terms-and-conditions\/\" \/>\n<meta property=\"og:site_name\" content=\"Thallium Consulting\" \/>\n<meta property=\"article:publisher\" content=\"https:\/\/www.facebook.com\/thalliumconsulting\/\" \/>\n<meta property=\"article:modified_time\" content=\"2023-09-27T13:16:22+00:00\" \/>\n<meta property=\"og:image\" content=\"https:\/\/thallium-consulting.com\/wp-content\/uploads\/2021\/11\/Thallium-Logo-17112015-300ppi-02-e1637767859948.jpg\" \/>\n\t<meta property=\"og:image:width\" content=\"2083\" \/>\n\t<meta property=\"og:image:height\" content=\"885\" \/>\n\t<meta property=\"og:image:type\" content=\"image\/jpeg\" \/>\n<meta name=\"twitter:card\" content=\"summary_large_image\" \/>\n<meta name=\"twitter:label1\" content=\"Dur\u00e9e de lecture estim\u00e9e\" \/>\n\t<meta name=\"twitter:data1\" content=\"1 minute\" \/>\n<script type=\"application\/ld+json\" class=\"yoast-schema-graph\">{\"@context\":\"https:\/\/schema.org\",\"@graph\":[{\"@type\":\"WebPage\",\"@id\":\"https:\/\/thallium-consulting.com\/fr\/terms-and-conditions\/\",\"url\":\"https:\/\/thallium-consulting.com\/fr\/terms-and-conditions\/\",\"name\":\"Termes Et Conditions | Thallium Consulting\",\"isPartOf\":{\"@id\":\"https:\/\/thallium-consulting.com\/#website\"},\"datePublished\":\"2023-07-20T13:12:15+00:00\",\"dateModified\":\"2023-09-27T13:16:22+00:00\",\"inLanguage\":\"fr-FR\",\"potentialAction\":[{\"@type\":\"ReadAction\",\"target\":[\"https:\/\/thallium-consulting.com\/fr\/terms-and-conditions\/\"]}]},{\"@type\":\"WebSite\",\"@id\":\"https:\/\/thallium-consulting.com\/#website\",\"url\":\"https:\/\/thallium-consulting.com\/\",\"name\":\"Thallium Consulting\",\"description\":\"360\u00ba Business Services Provider\",\"publisher\":{\"@id\":\"https:\/\/thallium-consulting.com\/#organization\"},\"potentialAction\":[{\"@type\":\"SearchAction\",\"target\":{\"@type\":\"EntryPoint\",\"urlTemplate\":\"https:\/\/thallium-consulting.com\/?s={search_term_string}\"},\"query-input\":{\"@type\":\"PropertyValueSpecification\",\"valueRequired\":true,\"valueName\":\"search_term_string\"}}],\"inLanguage\":\"fr-FR\"},{\"@type\":\"Organization\",\"@id\":\"https:\/\/thallium-consulting.com\/#organization\",\"name\":\"Thallium Consulting\",\"url\":\"https:\/\/thallium-consulting.com\/\",\"logo\":{\"@type\":\"ImageObject\",\"inLanguage\":\"fr-FR\",\"@id\":\"https:\/\/thallium-consulting.com\/#\/schema\/logo\/image\/\",\"url\":\"https:\/\/thallium-consulting.com\/wp-content\/uploads\/2021\/11\/2-Thallium-Consulting-Logo-Business-Setup.jpg\",\"contentUrl\":\"https:\/\/thallium-consulting.com\/wp-content\/uploads\/2021\/11\/2-Thallium-Consulting-Logo-Business-Setup.jpg\",\"width\":2083,\"height\":1295,\"caption\":\"Thallium Consulting\"},\"image\":{\"@id\":\"https:\/\/thallium-consulting.com\/#\/schema\/logo\/image\/\"},\"sameAs\":[\"https:\/\/www.facebook.com\/thalliumconsulting\/\"]}]}<\/script>\n<!-- \/ Yoast SEO plugin. -->","yoast_head_json":{"title":"Termes Et Conditions | Thallium Consulting","robots":{"index":"index","follow":"follow","max-snippet":"max-snippet:-1","max-image-preview":"max-image-preview:large","max-video-preview":"max-video-preview:-1"},"canonical":"https:\/\/thallium-consulting.com\/fr\/terms-and-conditions\/","og_locale":"fr_FR","og_type":"article","og_title":"Termes Et Conditions | Thallium Consulting","og_description":"Termes et Conditions \u201cThallium Consulting DMCC \u00bb g\u00e8re le site Web https:\/\/thallium-consulting.com\/ (\u00ab Site \u00bb). \u201cLes \u00c9mirats arabes unis sont notre pays de domicile \u00bb et stipulent que la loi applicable est la loi locale. \u2018\u2019\u00a0Les cartes de d\u00e9bit et de cr\u00e9dit Visa ou MasterCard en AED seront accept\u00e9es pour le paiement\u2019\u2019 \u2018\u2019Customer using the [&hellip;]","og_url":"https:\/\/thallium-consulting.com\/fr\/terms-and-conditions\/","og_site_name":"Thallium Consulting","article_publisher":"https:\/\/www.facebook.com\/thalliumconsulting\/","article_modified_time":"2023-09-27T13:16:22+00:00","og_image":[{"width":2083,"height":885,"url":"https:\/\/thallium-consulting.com\/wp-content\/uploads\/2021\/11\/Thallium-Logo-17112015-300ppi-02-e1637767859948.jpg","type":"image\/jpeg"}],"twitter_card":"summary_large_image","twitter_misc":{"Dur\u00e9e de lecture estim\u00e9e":"1 minute"},"schema":{"@context":"https:\/\/schema.org","@graph":[{"@type":"WebPage","@id":"https:\/\/thallium-consulting.com\/fr\/terms-and-conditions\/","url":"https:\/\/thallium-consulting.com\/fr\/terms-and-conditions\/","name":"Termes Et Conditions | Thallium Consulting","isPartOf":{"@id":"https:\/\/thallium-consulting.com\/#website"},"datePublished":"2023-07-20T13:12:15+00:00","dateModified":"2023-09-27T13:16:22+00:00","inLanguage":"fr-FR","potentialAction":[{"@type":"ReadAction","target":["https:\/\/thallium-consulting.com\/fr\/terms-and-conditions\/"]}]},{"@type":"WebSite","@id":"https:\/\/thallium-consulting.com\/#website","url":"https:\/\/thallium-consulting.com\/","name":"Thallium Consulting","description":"360\u00ba Business Services Provider","publisher":{"@id":"https:\/\/thallium-consulting.com\/#organization"},"potentialAction":[{"@type":"SearchAction","target":{"@type":"EntryPoint","urlTemplate":"https:\/\/thallium-consulting.com\/?s={search_term_string}"},"query-input":{"@type":"PropertyValueSpecification","valueRequired":true,"valueName":"search_term_string"}}],"inLanguage":"fr-FR"},{"@type":"Organization","@id":"https:\/\/thallium-consulting.com\/#organization","name":"Thallium Consulting","url":"https:\/\/thallium-consulting.com\/","logo":{"@type":"ImageObject","inLanguage":"fr-FR","@id":"https:\/\/thallium-consulting.com\/#\/schema\/logo\/image\/","url":"https:\/\/thallium-consulting.com\/wp-content\/uploads\/2021\/11\/2-Thallium-Consulting-Logo-Business-Setup.jpg","contentUrl":"https:\/\/thallium-consulting.com\/wp-content\/uploads\/2021\/11\/2-Thallium-Consulting-Logo-Business-Setup.jpg","width":2083,"height":1295,"caption":"Thallium Consulting"},"image":{"@id":"https:\/\/thallium-consulting.com\/#\/schema\/logo\/image\/"},"sameAs":["https:\/\/www.facebook.com\/thalliumconsulting\/"]}]}},"_links":{"self":[{"href":"https:\/\/thallium-consulting.com\/fr\/wp-json\/wp\/v2\/pages\/11434","targetHints":{"allow":["GET"]}}],"collection":[{"href":"https:\/\/thallium-consulting.com\/fr\/wp-json\/wp\/v2\/pages"}],"about":[{"href":"https:\/\/thallium-consulting.com\/fr\/wp-json\/wp\/v2\/types\/page"}],"author":[{"embeddable":true,"href":"https:\/\/thallium-consulting.com\/fr\/wp-json\/wp\/v2\/users\/28"}],"replies":[{"embeddable":true,"href":"https:\/\/thallium-consulting.com\/fr\/wp-json\/wp\/v2\/comments?post=11434"}],"version-history":[{"count":17,"href":"https:\/\/thallium-consulting.com\/fr\/wp-json\/wp\/v2\/pages\/11434\/revisions"}],"predecessor-version":[{"id":14542,"href":"https:\/\/thallium-consulting.com\/fr\/wp-json\/wp\/v2\/pages\/11434\/revisions\/14542"}],"wp:attachment":[{"href":"https:\/\/thallium-consulting.com\/fr\/wp-json\/wp\/v2\/media?parent=11434"}],"curies":[{"name":"wp","href":"https:\/\/api.w.org\/{rel}","templated":true}]}}